{"id":4,"date":"2023-01-31T19:09:07","date_gmt":"2023-01-31T19:09:07","guid":{"rendered":"https:\/\/liftoff-band.de\/?page_id=4"},"modified":"2025-09-01T19:59:23","modified_gmt":"2025-09-01T19:59:23","slug":"willkommen-auf-https-liftoff-band-de","status":"publish","type":"page","link":"https:\/\/liftoff-band.de\/","title":{"rendered":"LIFT OFF &#8211; DIE COVERBAND &#8211; 100% LIVE"},"content":{"rendered":"\n<p>Wir sind LIFT OFF, die Coverrock-Band aus dem Hunsr\u00fcck.<\/p>\n\n\n\n<p>Seit mehr als 15 Jahren f\u00fcllen wir die Partyzelte, Kirmespl\u00e4tze und OpenAir-Events im Hunsr\u00fcck, in der Eifel, im Westerwald und im Taunus.<\/p>\n\n\n\n<p>Wir bieten Ihnen eine abendf\u00fcllende Show mit Live-Musik quer durch die Rock- und Popgeschichte der letzten Jahrzehnte, aktuellen Charthits sowie Partykrachern, die auf keiner Veranstaltung fehlen d\u00fcrfen! Und das zu 100% LIVE!<\/p>\n\n\n\n<p>Mit unseren Partnern von SR Veranstaltungsservice liefern wir eine professionelle Ton-\/ Licht- und B\u00fchnenshow, die individuell auf Ihr Event angepasst werden kann. <br><\/p>\n\n\n\n<p>Kontaktieren&nbsp;Sie uns und holen Sie sich ein unverbindliches Angebot ein.<\/p>\n\n\n\n<p>Sie erreichen uns \u00fcber unsere SocialMedia-Kan\u00e4le auf <a href=\"https:\/\/www.facebook.com\/liftoffcoverband\/?locale=de_DE\">Facebook<\/a> und <a href=\"https:\/\/www.instagram.com\/lift_off_coverband?utm_source=ig_web_button_share_sheet&amp;igsh=ZDNlZDc0MzIxNw==\">Instagram<\/a> oder unter <a href=\"mailto:kontakt@liftoff-band.de\">kontakt@liftoff-band.de<\/a>. <\/p>\n\n\n\n<section id=\"g-d10ah0u\" class=\"wp-block-gutentor-m10 section-g-d10ah0u gutentor-module g-gm-module\"><div class=\"grid-container\"><div class=\"grid-row g-gm-item-wrap\">\n<div id=\"col-g-k2kkx8g\" class=\"wp-block-gutentor-m10-col col-g-k2kkx8g gutentor-module g-gm-col grid-lg-4 grid-md-4 grid-12\"><div id=\"section-g-k2kkx8g\" class=\"section-g-k2kkx8g gutentor-single-col\">\n<div id=\"section-g-1pjryk0\" class=\"wp-block-gutentor-e6 section-g-1pjryk0 gutentor-element gutentor-element-image\"><div class=\"gutentor-element-image-box\"><div class=\"gutentor-image-thumb\"><img decoding=\"async\" class=\"normal-image\" src=\"https:\/\/liftoff-band.de\/wp-content\/uploads\/2024\/08\/IMG_9543-scaled.jpeg\" \/><\/div><\/div><\/div>\n<\/div><\/div>\n\n\n\n<div id=\"col-g-10ckxc0\" class=\"wp-block-gutentor-m10-col col-g-10ckxc0 gutentor-module g-gm-col grid-lg-4 grid-md-4 grid-12\"><div id=\"section-g-10ckxc0\" class=\"section-g-10ckxc0 gutentor-single-col\">\n<div id=\"section-g-36cs8ck\" class=\"wp-block-gutentor-e6 section-g-36cs8ck gutentor-element gutentor-element-image\"><div class=\"gutentor-element-image-box\"><div class=\"gutentor-image-thumb\"><img decoding=\"async\" class=\"normal-image\" src=\"https:\/\/liftoff-band.de\/wp-content\/uploads\/2024\/08\/262FD24B-AAAD-4259-8EFA-C69C815D515D.jpeg\" \/><\/div><\/div><\/div>\n<\/div><\/div>\n\n\n\n<div id=\"col-g-vek8oyf\" class=\"wp-block-gutentor-m10-col col-g-vek8oyf gutentor-module g-gm-col grid-lg-4 grid-md-4 grid-12\"><div id=\"section-g-vek8oyf\" class=\"section-g-vek8oyf gutentor-single-col\">\n<div id=\"section-g-vlpcyce\" class=\"wp-block-gutentor-e6 section-g-vlpcyce gutentor-element gutentor-element-image\"><div class=\"gutentor-element-image-box\"><div class=\"gutentor-image-thumb\"><img decoding=\"async\" class=\"normal-image\" src=\"https:\/\/liftoff-band.de\/wp-content\/uploads\/2024\/08\/IMG_4761-scaled.jpeg\" \/><\/div><\/div><\/div>\n<\/div><\/div>\n<\/div><\/div><\/section>\n\n\n\n<p><\/p>\n","protected":false},"excerpt":{"rendered":"<p>Wir sind LIFT OFF, die Coverrock-Band aus dem Hunsr\u00fcck. Seit mehr als 15 Jahren f\u00fcllen wir die Partyzelte, Kirmespl\u00e4tze und OpenAir-Events im Hunsr\u00fcck, in der Eifel, im Westerwald und im Taunus. Wir bieten Ihnen eine abendf\u00fcllende Show mit Live-Musik quer durch die Rock- und Popgeschichte der letzten Jahrzehnte, aktuellen Charthits sowie Partykrachern, die auf keiner Veranstaltung fehlen d\u00fcrfen! Und das zu 100% LIVE! Mit unseren Partnern von SR Veranstaltungsservice liefern&hellip;<\/p>\n","protected":false},"author":1,"featured_media":0,"parent":0,"menu_order":0,"comment_status":"closed","ping_status":"open","template":"","meta":{"footnotes":""},"class_list":["post-4","page","type-page","status-publish","hentry"],"_links":{"self":[{"href":"https:\/\/liftoff-band.de\/index.php?rest_route=\/wp\/v2\/pages\/4"}],"collection":[{"href":"https:\/\/liftoff-band.de\/index.php?rest_route=\/wp\/v2\/pages"}],"about":[{"href":"https:\/\/liftoff-band.de\/index.php?rest_route=\/wp\/v2\/types\/page"}],"author":[{"embeddable":true,"href":"https:\/\/liftoff-band.de\/index.php?rest_route=\/wp\/v2\/users\/1"}],"replies":[{"embeddable":true,"href":"https:\/\/liftoff-band.de\/index.php?rest_route=%2Fwp%2Fv2%2Fcomments&post=4"}],"version-history":[{"count":9,"href":"https:\/\/liftoff-band.de\/index.php?rest_route=\/wp\/v2\/pages\/4\/revisions"}],"predecessor-version":[{"id":209,"href":"https:\/\/liftoff-band.de\/index.php?rest_route=\/wp\/v2\/pages\/4\/revisions\/209"}],"wp:attachment":[{"href":"https:\/\/liftoff-band.de\/index.php?rest_route=%2Fwp%2Fv2%2Fmedia&parent=4"}],"curies":[{"name":"wp","href":"https:\/\/api.w.org\/{rel}","templated":true}]}}